{"id":183,"date":"2022-12-08T04:45:37","date_gmt":"2022-12-08T04:45:37","guid":{"rendered":"https:\/\/castaruz.com.mx\/?page_id=183"},"modified":"2022-12-12T21:10:11","modified_gmt":"2022-12-12T21:10:11","slug":"rodamientos-rotulas-y-soportes","status":"publish","type":"page","link":"https:\/\/castaruz.com.mx\/en\/rodamientos-rotulas-y-soportes\/","title":{"rendered":"Rodamientos, r\u00f3tulas y soportes"},"content":{"rendered":"<p>Rodamientos y soportes.<br \/>\nRodamientos, soportes y rotulas para equipos de servicio pesado.<br \/>\nRodamientos con tolerancias especiales para cribas.<br \/>\nRodamientos para quebradora y sistemas de bombeo.<\/p>\n<p>&nbsp;<\/p>\n<p>Equipos de monitoreo.<br \/>\nCalentadores de inducci\u00f3n.<br \/>\nHerramientas y accesorios para montaje y desmontaje.<br \/>\nAnalizadores y herramientas para medici\u00f3n de par\u00e1metros est\u00e1ticos y din\u00e1micos.<\/p>","protected":false},"excerpt":{"rendered":"<p>Rodamientos y soportes. Rodamientos, soportes y rotulas para equipos de servicio pesado. Rodamientos con tolerancias especiales para cribas. Rodamientos [&hellip;]<\/p>","protected":false},"author":1,"featured_media":0,"parent":0,"menu_order":0,"comment_status":"closed","ping_status":"closed","template":"","meta":{"footnotes":""},"class_list":["post-183","page","type-page","status-publish","hentry"],"_links":{"self":[{"href":"https:\/\/castaruz.com.mx\/en\/wp-json\/wp\/v2\/pages\/183","targetHints":{"allow":["GET"]}}],"collection":[{"href":"https:\/\/castaruz.com.mx\/en\/wp-json\/wp\/v2\/pages"}],"about":[{"href":"https:\/\/castaruz.com.mx\/en\/wp-json\/wp\/v2\/types\/page"}],"author":[{"embeddable":true,"href":"https:\/\/castaruz.com.mx\/en\/wp-json\/wp\/v2\/users\/1"}],"replies":[{"embeddable":true,"href":"https:\/\/castaruz.com.mx\/en\/wp-json\/wp\/v2\/comments?post=183"}],"version-history":[{"count":4,"href":"https:\/\/castaruz.com.mx\/en\/wp-json\/wp\/v2\/pages\/183\/revisions"}],"predecessor-version":[{"id":191,"href":"https:\/\/castaruz.com.mx\/en\/wp-json\/wp\/v2\/pages\/183\/revisions\/191"}],"wp:attachment":[{"href":"https:\/\/castaruz.com.mx\/en\/wp-json\/wp\/v2\/media?parent=183"}],"curies":[{"name":"wp","href":"https:\/\/api.w.org\/{rel}","templated":true}]}}