{"id":13,"date":"2022-03-07T21:51:38","date_gmt":"2022-03-07T21:51:38","guid":{"rendered":"http:\/\/localhost\/Castaruz\/?page_id=13"},"modified":"2022-04-08T23:16:57","modified_gmt":"2022-04-08T23:16:57","slug":"tratamiento-de-aguas","status":"publish","type":"page","link":"https:\/\/castaruz.com.mx\/es\/tratamiento-de-aguas\/","title":{"rendered":"Tratamiento de aguas"},"content":{"rendered":"<p><strong><span style=\"color: #235b68;\">Planta de Tratamiento de Aguas<\/span><\/strong><br \/>\nEl agua es el recurso que mas abunda en el planeta, sin embargo, mas de 97% de esta agua no se puede utilizar en la industria o de consumo humano, as\u00ed que QP atendiendo esta problem\u00e1tica, ofrece tecnolog\u00eda de \u00faltima generaci\u00f3n para utilizar este recurso a nuestro favor, con el objetivo de poder utilizar el agua de cualquier zona geogr\u00e1fica, ya sea de r\u00edos, lagos, mantos acu\u00edferos y hasta mares, protegiendo la flora y fauna de la zona.<\/p>\n<p>&nbsp;<\/p>\n<p>Nuestro prop\u00f3sito es brindar ya sea por medio de venta o renta del equipo adecuado de tratamiento de aguas residuales o de purificaci\u00f3n a las empresas de cualquier giro para tratar sus aguas y restablecer el l\u00edquido a tal grado que el cliente lo necesite.<\/p>\n<p>&nbsp;<\/p>\n<p>Para ello, se determinar\u00e1 las caracter\u00edsticas fisicoqu\u00edmicas de agua a tratar y definir el grado de pureza del efluente final. A partir de esta informaci\u00f3n, se realizan pruebas de laboratorio colaboradores con QP, determinando as\u00ed el mejor m\u00e9todo de tratamiento o purificaci\u00f3n. Conociendo el m\u00e9todo mas apropiado nuestros ingenieros se encargar\u00e1n de dise\u00f1ar a medida su Planta Tratadora de Aguas Residuales o desalinizadoras y con los criterios que se establezca. Ellos tambi\u00e9n se encargar\u00e1n en definir etapas, qu\u00edmicos a trabajar, membranas de osmosis inversa, equipo de bombeo, tanques filtros, compresores, filtro prensa, tanque de lodos, sedimentador, tablero de control, adem\u00e1s de seleccionar los materiales ideales que necesite levar su Planta Tratadora de Aguas Residuales o Desalinizadores, en caso de requerir obra civil ser\u00e1 a petici\u00f3n del cliente. Teniendo el sistema listo, un equipo de t\u00e9cnicos especializados en la instalaci\u00f3n de estas tecnolog\u00edas, instalar\u00e1n su equipo y brindar\u00e1n un curso de capacitaci\u00f3n necesaria para la operaci\u00f3n de la planta tratadora, tambi\u00e9n un manual que describe su funcionamiento, uso y mantenimiento.<\/p>\n<p>&nbsp;<\/p>\n<p>QP cuenta con las herramientas y personal, as\u00ed como socios comerciales necesarios para dise\u00f1ar su proyecto de tratamiento o purificaci\u00f3n del flujo de agua que necesite; compatible con las normas (NOM-001-SEMANART-1996, NOM-002-SEMANART-1996 y NOM-033-SEMANART-1996), o a solicitud del cliente.<\/p>\n","protected":false},"excerpt":{"rendered":"<p>Planta de Tratamiento de Aguas El agua es el recurso que mas abunda en el planeta, sin embargo, mas [&hellip;]<\/p>\n","protected":false},"author":1,"featured_media":0,"parent":0,"menu_order":0,"comment_status":"closed","ping_status":"closed","template":"","meta":{"footnotes":""},"class_list":["post-13","page","type-page","status-publish","hentry"],"_links":{"self":[{"href":"https:\/\/castaruz.com.mx\/es\/wp-json\/wp\/v2\/pages\/13","targetHints":{"allow":["GET"]}}],"collection":[{"href":"https:\/\/castaruz.com.mx\/es\/wp-json\/wp\/v2\/pages"}],"about":[{"href":"https:\/\/castaruz.com.mx\/es\/wp-json\/wp\/v2\/types\/page"}],"author":[{"embeddable":true,"href":"https:\/\/castaruz.com.mx\/es\/wp-json\/wp\/v2\/users\/1"}],"replies":[{"embeddable":true,"href":"https:\/\/castaruz.com.mx\/es\/wp-json\/wp\/v2\/comments?post=13"}],"version-history":[{"count":3,"href":"https:\/\/castaruz.com.mx\/es\/wp-json\/wp\/v2\/pages\/13\/revisions"}],"predecessor-version":[{"id":90,"href":"https:\/\/castaruz.com.mx\/es\/wp-json\/wp\/v2\/pages\/13\/revisions\/90"}],"wp:attachment":[{"href":"https:\/\/castaruz.com.mx\/es\/wp-json\/wp\/v2\/media?parent=13"}],"curies":[{"name":"wp","href":"https:\/\/api.w.org\/{rel}","templated":true}]}}