{"id":15,"date":"2022-03-07T21:51:55","date_gmt":"2022-03-07T21:51:55","guid":{"rendered":"http:\/\/localhost\/Castaruz\/?page_id=15"},"modified":"2023-01-16T22:51:51","modified_gmt":"2023-01-16T22:51:51","slug":"pintura-en-polvo","status":"publish","type":"page","link":"https:\/\/castaruz.com.mx\/es\/pintura-en-polvo\/","title":{"rendered":"Pintura en polvo"},"content":{"rendered":"<p>La pintura en polvo desde su lanzamiento en la d\u00e9cada de los 60, ha tenido un crecimiento constante en el mercado, y es porque ofrece una enorme cantidad de aplicaciones en piezas met\u00e1licas. A diferencia de las pinturas tradicionales l\u00edquidas, evita que se formen burbujas en la superficie y escurrimientos ofreciendo un acabado m\u00e1s uniforme.<\/p>\n","protected":false},"excerpt":{"rendered":"<p>La pintura en polvo desde su lanzamiento en la d\u00e9cada de los 60, ha tenido un crecimiento constante en [&hellip;]<\/p>\n","protected":false},"author":1,"featured_media":0,"parent":0,"menu_order":0,"comment_status":"closed","ping_status":"closed","template":"","meta":{"footnotes":""},"class_list":["post-15","page","type-page","status-publish","hentry"],"_links":{"self":[{"href":"https:\/\/castaruz.com.mx\/es\/wp-json\/wp\/v2\/pages\/15","targetHints":{"allow":["GET"]}}],"collection":[{"href":"https:\/\/castaruz.com.mx\/es\/wp-json\/wp\/v2\/pages"}],"about":[{"href":"https:\/\/castaruz.com.mx\/es\/wp-json\/wp\/v2\/types\/page"}],"author":[{"embeddable":true,"href":"https:\/\/castaruz.com.mx\/es\/wp-json\/wp\/v2\/users\/1"}],"replies":[{"embeddable":true,"href":"https:\/\/castaruz.com.mx\/es\/wp-json\/wp\/v2\/comments?post=15"}],"version-history":[{"count":6,"href":"https:\/\/castaruz.com.mx\/es\/wp-json\/wp\/v2\/pages\/15\/revisions"}],"predecessor-version":[{"id":199,"href":"https:\/\/castaruz.com.mx\/es\/wp-json\/wp\/v2\/pages\/15\/revisions\/199"}],"wp:attachment":[{"href":"https:\/\/castaruz.com.mx\/es\/wp-json\/wp\/v2\/media?parent=15"}],"curies":[{"name":"wp","href":"https:\/\/api.w.org\/{rel}","templated":true}]}}