{"id":7,"date":"2022-03-07T21:48:34","date_gmt":"2022-03-07T21:48:34","guid":{"rendered":"http:\/\/localhost\/Castaruz\/?page_id=7"},"modified":"2022-03-08T07:05:35","modified_gmt":"2022-03-08T07:05:35","slug":"mas-sobre-castaruz","status":"publish","type":"page","link":"https:\/\/castaruz.com.mx\/es\/mas-sobre-castaruz\/","title":{"rendered":"M\u00e1s sobre CASTARUZ"},"content":{"rendered":"<p>Servicios Industriales Castaruz S. de R.L de C.V. es una empresa dedicada a la distribuci\u00f3n y comercializaci\u00f3n de productos qu\u00edmicos.<\/p>\n<p>&nbsp;<\/p>\n<p>Nuestro enfoque esta en el servicio al cliente, brindando respuesta r\u00e1pida a sus necesidades, cumpliendo con todos los requerimientos solicitados y dando soluciones a nuestros Clientes.<\/p>\n<p>&nbsp;<\/p>\n<p>Servicios Industriales Castaruz S. de R.L de C.V. nos esforzamos por nuestros clientes brindando una atenci\u00f3n personalizada, con nuestra gente y trabajando en equipo siempre para poder tener la confianza necesaria para futuros proyectos.<\/p>\n","protected":false},"excerpt":{"rendered":"<p>Servicios Industriales Castaruz S. de R.L de C.V. es una empresa dedicada a la distribuci\u00f3n y comercializaci\u00f3n de productos [&hellip;]<\/p>\n","protected":false},"author":1,"featured_media":0,"parent":0,"menu_order":0,"comment_status":"closed","ping_status":"closed","template":"","meta":{"footnotes":""},"class_list":["post-7","page","type-page","status-publish","hentry"],"_links":{"self":[{"href":"https:\/\/castaruz.com.mx\/es\/wp-json\/wp\/v2\/pages\/7","targetHints":{"allow":["GET"]}}],"collection":[{"href":"https:\/\/castaruz.com.mx\/es\/wp-json\/wp\/v2\/pages"}],"about":[{"href":"https:\/\/castaruz.com.mx\/es\/wp-json\/wp\/v2\/types\/page"}],"author":[{"embeddable":true,"href":"https:\/\/castaruz.com.mx\/es\/wp-json\/wp\/v2\/users\/1"}],"replies":[{"embeddable":true,"href":"https:\/\/castaruz.com.mx\/es\/wp-json\/wp\/v2\/comments?post=7"}],"version-history":[{"count":3,"href":"https:\/\/castaruz.com.mx\/es\/wp-json\/wp\/v2\/pages\/7\/revisions"}],"predecessor-version":[{"id":26,"href":"https:\/\/castaruz.com.mx\/es\/wp-json\/wp\/v2\/pages\/7\/revisions\/26"}],"wp:attachment":[{"href":"https:\/\/castaruz.com.mx\/es\/wp-json\/wp\/v2\/media?parent=7"}],"curies":[{"name":"wp","href":"https:\/\/api.w.org\/{rel}","templated":true}]}}